{"id":1038,"date":"2023-03-07T14:29:04","date_gmt":"2023-03-07T14:29:04","guid":{"rendered":"https:\/\/oceanwp.org\/store\/my-account\/"},"modified":"2023-03-20T13:26:51","modified_gmt":"2023-03-20T13:26:51","slug":"mi-cuenta","status":"publish","type":"page","link":"https:\/\/carniceriaalbertosanjose.com\/index.php\/mi-cuenta\/","title":{"rendered":"Mi cuenta"},"content":{"rendered":"<div class=\"woocommerce\"><\/div>\n","protected":false},"excerpt":{"rendered":"","protected":false},"author":1,"featured_media":0,"parent":0,"menu_order":0,"comment_status":"closed","ping_status":"closed","template":"","meta":{"footnotes":""},"class_list":["post-1038","page","type-page","status-publish","hentry","entry","owp-thumbs-layout-horizontal","owp-btn-big","owp-tabs-layout-horizontal","has-no-thumbnails","has-product-nav"],"yoast_head":"<!-- This site is optimized with the Yoast SEO plugin v21.7 - https:\/\/yoast.com\/wordpress\/plugins\/seo\/ -->\n<title>Mi cuenta - Carnicer\u00eda Alberto San Jos\u00e9<\/title>\n<meta name=\"description\" content=\"Alberto San Jos\u00e9 es una carnicer\u00eda y charcuter\u00eda donde puedes encontrar productos de nuestra tierra y de elaboraci\u00f3n propia.\" \/>\n<meta name=\"robots\" content=\"index, follow, max-snippet:-1, max-image-preview:large, max-video-preview:-1\" \/>\n<link rel=\"canonical\" href=\"https:\/\/carniceriaalbertosanjose.com\/index.php\/mi-cuenta\/\" \/>\n<meta property=\"og:locale\" content=\"es_ES\" \/>\n<meta property=\"og:type\" content=\"article\" \/>\n<meta property=\"og:title\" content=\"Mi cuenta - Carnicer\u00eda Alberto San Jos\u00e9\" \/>\n<meta property=\"og:description\" content=\"Alberto San Jos\u00e9 es una carnicer\u00eda y charcuter\u00eda donde puedes encontrar productos de nuestra tierra y de elaboraci\u00f3n propia.\" \/>\n<meta property=\"og:url\" content=\"https:\/\/carniceriaalbertosanjose.com\/index.php\/mi-cuenta\/\" \/>\n<meta property=\"og:site_name\" content=\"Carnicer\u00eda Alberto San Jos\u00e9\" \/>\n<meta property=\"article:publisher\" content=\"https:\/\/www.facebook.com\/carniceriaalbertosanjose\/\" \/>\n<meta property=\"article:modified_time\" content=\"2023-03-20T13:26:51+00:00\" \/>\n<meta property=\"og:image\" content=\"https:\/\/carniceriaalbertosanjose.com\/wp-content\/uploads\/2023\/03\/logotipo-rrss.jpg\" \/>\n\t<meta property=\"og:image:width\" content=\"562\" \/>\n\t<meta property=\"og:image:height\" content=\"781\" \/>\n\t<meta property=\"og:image:type\" content=\"image\/jpeg\" \/>\n<meta name=\"twitter:card\" content=\"summary_large_image\" \/>\n<script type=\"application\/ld+json\" class=\"yoast-schema-graph\">{\"@context\":\"https:\/\/schema.org\",\"@graph\":[{\"@type\":\"WebPage\",\"@id\":\"https:\/\/carniceriaalbertosanjose.com\/index.php\/mi-cuenta\/\",\"url\":\"https:\/\/carniceriaalbertosanjose.com\/index.php\/mi-cuenta\/\",\"name\":\"Mi cuenta - Carnicer\u00eda Alberto San Jos\u00e9\",\"isPartOf\":{\"@id\":\"https:\/\/carniceriaalbertosanjose.com\/#website\"},\"datePublished\":\"2023-03-07T14:29:04+00:00\",\"dateModified\":\"2023-03-20T13:26:51+00:00\",\"description\":\"Alberto San Jos\u00e9 es una carnicer\u00eda y charcuter\u00eda donde puedes encontrar productos de nuestra tierra y de elaboraci\u00f3n propia.\",\"breadcrumb\":{\"@id\":\"https:\/\/carniceriaalbertosanjose.com\/index.php\/mi-cuenta\/#breadcrumb\"},\"inLanguage\":\"es\",\"potentialAction\":[{\"@type\":\"ReadAction\",\"target\":[\"https:\/\/carniceriaalbertosanjose.com\/index.php\/mi-cuenta\/\"]}]},{\"@type\":\"BreadcrumbList\",\"@id\":\"https:\/\/carniceriaalbertosanjose.com\/index.php\/mi-cuenta\/#breadcrumb\",\"itemListElement\":[{\"@type\":\"ListItem\",\"position\":1,\"name\":\"Inicio\",\"item\":\"https:\/\/carniceriaalbertosanjose.com\/\"},{\"@type\":\"ListItem\",\"position\":2,\"name\":\"Mi cuenta\"}]},{\"@type\":\"WebSite\",\"@id\":\"https:\/\/carniceriaalbertosanjose.com\/#website\",\"url\":\"https:\/\/carniceriaalbertosanjose.com\/\",\"name\":\"Carnicer\u00eda Alberto San Jos\u00e9\",\"description\":\"Productos c\u00e1rnicos de nuestra tierra\",\"publisher\":{\"@id\":\"https:\/\/carniceriaalbertosanjose.com\/#organization\"},\"potentialAction\":[{\"@type\":\"SearchAction\",\"target\":{\"@type\":\"EntryPoint\",\"urlTemplate\":\"https:\/\/carniceriaalbertosanjose.com\/?s={search_term_string}\"},\"query-input\":\"required name=search_term_string\"}],\"inLanguage\":\"es\"},{\"@type\":\"Organization\",\"@id\":\"https:\/\/carniceriaalbertosanjose.com\/#organization\",\"name\":\"Carnicer\u00eda Alberto San Jos\u00e9\",\"url\":\"https:\/\/carniceriaalbertosanjose.com\/\",\"logo\":{\"@type\":\"ImageObject\",\"inLanguage\":\"es\",\"@id\":\"https:\/\/carniceriaalbertosanjose.com\/#\/schema\/logo\/image\/\",\"url\":\"https:\/\/carniceriaalbertosanjose.com\/wp-content\/uploads\/2023\/03\/logotipo-rrss.jpg\",\"contentUrl\":\"https:\/\/carniceriaalbertosanjose.com\/wp-content\/uploads\/2023\/03\/logotipo-rrss.jpg\",\"width\":562,\"height\":781,\"caption\":\"Carnicer\u00eda Alberto San Jos\u00e9\"},\"image\":{\"@id\":\"https:\/\/carniceriaalbertosanjose.com\/#\/schema\/logo\/image\/\"},\"sameAs\":[\"https:\/\/www.facebook.com\/carniceriaalbertosanjose\/\",\"https:\/\/www.instagram.com\/carniceriaalbertosanjose\/\"]}]}<\/script>\n<!-- \/ Yoast SEO plugin. -->","yoast_head_json":{"title":"Mi cuenta - Carnicer\u00eda Alberto San Jos\u00e9","description":"Alberto San Jos\u00e9 es una carnicer\u00eda y charcuter\u00eda donde puedes encontrar productos de nuestra tierra y de elaboraci\u00f3n propia.","robots":{"index":"index","follow":"follow","max-snippet":"max-snippet:-1","max-image-preview":"max-image-preview:large","max-video-preview":"max-video-preview:-1"},"canonical":"https:\/\/carniceriaalbertosanjose.com\/index.php\/mi-cuenta\/","og_locale":"es_ES","og_type":"article","og_title":"Mi cuenta - Carnicer\u00eda Alberto San Jos\u00e9","og_description":"Alberto San Jos\u00e9 es una carnicer\u00eda y charcuter\u00eda donde puedes encontrar productos de nuestra tierra y de elaboraci\u00f3n propia.","og_url":"https:\/\/carniceriaalbertosanjose.com\/index.php\/mi-cuenta\/","og_site_name":"Carnicer\u00eda Alberto San Jos\u00e9","article_publisher":"https:\/\/www.facebook.com\/carniceriaalbertosanjose\/","article_modified_time":"2023-03-20T13:26:51+00:00","og_image":[{"width":562,"height":781,"url":"https:\/\/carniceriaalbertosanjose.com\/wp-content\/uploads\/2023\/03\/logotipo-rrss.jpg","type":"image\/jpeg"}],"twitter_card":"summary_large_image","schema":{"@context":"https:\/\/schema.org","@graph":[{"@type":"WebPage","@id":"https:\/\/carniceriaalbertosanjose.com\/index.php\/mi-cuenta\/","url":"https:\/\/carniceriaalbertosanjose.com\/index.php\/mi-cuenta\/","name":"Mi cuenta - Carnicer\u00eda Alberto San Jos\u00e9","isPartOf":{"@id":"https:\/\/carniceriaalbertosanjose.com\/#website"},"datePublished":"2023-03-07T14:29:04+00:00","dateModified":"2023-03-20T13:26:51+00:00","description":"Alberto San Jos\u00e9 es una carnicer\u00eda y charcuter\u00eda donde puedes encontrar productos de nuestra tierra y de elaboraci\u00f3n propia.","breadcrumb":{"@id":"https:\/\/carniceriaalbertosanjose.com\/index.php\/mi-cuenta\/#breadcrumb"},"inLanguage":"es","potentialAction":[{"@type":"ReadAction","target":["https:\/\/carniceriaalbertosanjose.com\/index.php\/mi-cuenta\/"]}]},{"@type":"BreadcrumbList","@id":"https:\/\/carniceriaalbertosanjose.com\/index.php\/mi-cuenta\/#breadcrumb","itemListElement":[{"@type":"ListItem","position":1,"name":"Inicio","item":"https:\/\/carniceriaalbertosanjose.com\/"},{"@type":"ListItem","position":2,"name":"Mi cuenta"}]},{"@type":"WebSite","@id":"https:\/\/carniceriaalbertosanjose.com\/#website","url":"https:\/\/carniceriaalbertosanjose.com\/","name":"Carnicer\u00eda Alberto San Jos\u00e9","description":"Productos c\u00e1rnicos de nuestra tierra","publisher":{"@id":"https:\/\/carniceriaalbertosanjose.com\/#organization"},"potentialAction":[{"@type":"SearchAction","target":{"@type":"EntryPoint","urlTemplate":"https:\/\/carniceriaalbertosanjose.com\/?s={search_term_string}"},"query-input":"required name=search_term_string"}],"inLanguage":"es"},{"@type":"Organization","@id":"https:\/\/carniceriaalbertosanjose.com\/#organization","name":"Carnicer\u00eda Alberto San Jos\u00e9","url":"https:\/\/carniceriaalbertosanjose.com\/","logo":{"@type":"ImageObject","inLanguage":"es","@id":"https:\/\/carniceriaalbertosanjose.com\/#\/schema\/logo\/image\/","url":"https:\/\/carniceriaalbertosanjose.com\/wp-content\/uploads\/2023\/03\/logotipo-rrss.jpg","contentUrl":"https:\/\/carniceriaalbertosanjose.com\/wp-content\/uploads\/2023\/03\/logotipo-rrss.jpg","width":562,"height":781,"caption":"Carnicer\u00eda Alberto San Jos\u00e9"},"image":{"@id":"https:\/\/carniceriaalbertosanjose.com\/#\/schema\/logo\/image\/"},"sameAs":["https:\/\/www.facebook.com\/carniceriaalbertosanjose\/","https:\/\/www.instagram.com\/carniceriaalbertosanjose\/"]}]}},"_links":{"self":[{"href":"https:\/\/carniceriaalbertosanjose.com\/index.php\/wp-json\/wp\/v2\/pages\/1038","targetHints":{"allow":["GET"]}}],"collection":[{"href":"https:\/\/carniceriaalbertosanjose.com\/index.php\/wp-json\/wp\/v2\/pages"}],"about":[{"href":"https:\/\/carniceriaalbertosanjose.com\/index.php\/wp-json\/wp\/v2\/types\/page"}],"author":[{"embeddable":true,"href":"https:\/\/carniceriaalbertosanjose.com\/index.php\/wp-json\/wp\/v2\/users\/1"}],"replies":[{"embeddable":true,"href":"https:\/\/carniceriaalbertosanjose.com\/index.php\/wp-json\/wp\/v2\/comments?post=1038"}],"version-history":[{"count":1,"href":"https:\/\/carniceriaalbertosanjose.com\/index.php\/wp-json\/wp\/v2\/pages\/1038\/revisions"}],"predecessor-version":[{"id":1481,"href":"https:\/\/carniceriaalbertosanjose.com\/index.php\/wp-json\/wp\/v2\/pages\/1038\/revisions\/1481"}],"wp:attachment":[{"href":"https:\/\/carniceriaalbertosanjose.com\/index.php\/wp-json\/wp\/v2\/media?parent=1038"}],"curies":[{"name":"wp","href":"https:\/\/api.w.org\/{rel}","templated":true}]}}