{"id":5087,"date":"2023-12-15T09:29:13","date_gmt":"2023-12-15T09:29:13","guid":{"rendered":"https:\/\/carniceriaalbertosanjose.com\/?page_id=5087"},"modified":"2025-09-15T18:16:41","modified_gmt":"2025-09-15T18:16:41","slug":"servicio-de-loncheado-y-bandejas-personalizadas","status":"publish","type":"page","link":"https:\/\/carniceriaalbertosanjose.com\/index.php\/servicio-de-loncheado-y-bandejas-personalizadas\/","title":{"rendered":"Servicio de loncheado y bandejas personalizadas"},"content":{"rendered":"\t\t<div data-elementor-type=\"wp-page\" data-elementor-id=\"5087\" class=\"elementor elementor-5087\">\n\t\t\t\t\t\t\t\t\t<section class=\"elementor-section elementor-top-section elementor-element elementor-element-3ad3ae5 elementor-section-boxed elementor-section-height-default elementor-section-height-default\" data-id=\"3ad3ae5\" data-element_type=\"section\">\n\t\t\t\t\t\t<div class=\"elementor-container elementor-column-gap-default\">\n\t\t\t\t\t<div class=\"elementor-column elementor-col-100 elementor-top-column elementor-element elementor-element-3455a2f\" data-id=\"3455a2f\" data-element_type=\"column\">\n\t\t\t<div class=\"elementor-widget-wrap elementor-element-populated\">\n\t\t\t\t\t\t\t\t<div class=\"elementor-element elementor-element-3feb6af elementor-widget elementor-widget-text-editor\" data-id=\"3feb6af\" data-element_type=\"widget\" data-widget_type=\"text-editor.default\">\n\t\t\t\t<div class=\"elementor-widget-container\">\n\t\t\t<style>\/*! elementor - v3.18.0 - 08-12-2023 *\/\n.elementor-widget-text-editor.elementor-drop-cap-view-stacked .elementor-drop-cap{background-color:#69727d;color:#fff}.elementor-widget-text-editor.elementor-drop-cap-view-framed .elementor-drop-cap{color:#69727d;border:3px solid;background-color:transparent}.elementor-widget-text-editor:not(.elementor-drop-cap-view-default) .elementor-drop-cap{margin-top:8px}.elementor-widget-text-editor:not(.elementor-drop-cap-view-default) .elementor-drop-cap-letter{width:1em;height:1em}.elementor-widget-text-editor .elementor-drop-cap{float:left;text-align:center;line-height:1;font-size:50px}.elementor-widget-text-editor .elementor-drop-cap-letter{display:inline-block}<\/style>\t\t\t\t<p>Nuestro exclusivo servicio de loncheado de jam\u00f3n, paletas y piezas curadas, realizado con maestr\u00eda y dedicaci\u00f3n. Adem\u00e1s, personalizamos bandejas de embutidos para adaptarnos a tus preferencias. Descubre el placer de saborear la aut\u00e9ntica delicia de nuestros productos y d\u00e9janos ser tu elecci\u00f3n de confianza para satisfacer tus deseos gastron\u00f3micos.<\/p>\t\t\t\t\t\t<\/div>\n\t\t\t\t<\/div>\n\t\t\t\t<div class=\"elementor-element elementor-element-28d68f6 elementor-widget elementor-widget-text-editor\" data-id=\"28d68f6\" data-element_type=\"widget\" data-widget_type=\"text-editor.default\">\n\t\t\t\t<div class=\"elementor-widget-container\">\n\t\t\t\t\t\t\t<p style=\"text-align: center\"><span style=\"color: #000000\"><a style=\"color: #000000\" href=\"https:\/\/carniceriaalbertosanjose.com\/index.php\/contacta-con-nosotros\/\"><strong>\u00b7 Contacta con nosotros para consultar precios \u00b7<\/strong><\/a><\/span><\/p>\t\t\t\t\t\t<\/div>\n\t\t\t\t<\/div>\n\t\t\t\t<section class=\"elementor-section elementor-inner-section elementor-element elementor-element-3c3f0a5 elementor-section-boxed elementor-section-height-default elementor-section-height-default\" data-id=\"3c3f0a5\" data-element_type=\"section\">\n\t\t\t\t\t\t<div class=\"elementor-container elementor-column-gap-default\">\n\t\t\t\t\t<div class=\"elementor-column elementor-col-50 elementor-inner-column elementor-element elementor-element-4f78713\" data-id=\"4f78713\" data-element_type=\"column\">\n\t\t\t<div class=\"elementor-widget-wrap elementor-element-populated\">\n\t\t\t\t\t\t\t\t<div class=\"elementor-element elementor-element-6b31f4c elementor-widget elementor-widget-image\" data-id=\"6b31f4c\" data-element_type=\"widget\" data-widget_type=\"image.default\">\n\t\t\t\t<div class=\"elementor-widget-container\">\n\t\t\t<style>\/*! elementor - v3.18.0 - 08-12-2023 *\/\n.elementor-widget-image{text-align:center}.elementor-widget-image a{display:inline-block}.elementor-widget-image a img[src$=\".svg\"]{width:48px}.elementor-widget-image img{vertical-align:middle;display:inline-block}<\/style>\t\t\t\t\t\t\t\t\t\t\t\t<img fetchpriority=\"high\" decoding=\"async\" width=\"800\" height=\"800\" src=\"https:\/\/carniceriaalbertosanjose.com\/wp-content\/uploads\/2023\/12\/sobres-bandejas.jpg\" class=\"attachment-large size-large wp-image-5110\" alt=\"\" srcset=\"https:\/\/carniceriaalbertosanjose.com\/wp-content\/uploads\/2023\/12\/sobres-bandejas.jpg 800w, https:\/\/carniceriaalbertosanjose.com\/wp-content\/uploads\/2023\/12\/sobres-bandejas-300x300.jpg 300w, https:\/\/carniceriaalbertosanjose.com\/wp-content\/uploads\/2023\/12\/sobres-bandejas-150x150.jpg 150w, https:\/\/carniceriaalbertosanjose.com\/wp-content\/uploads\/2023\/12\/sobres-bandejas-768x768.jpg 768w, https:\/\/carniceriaalbertosanjose.com\/wp-content\/uploads\/2023\/12\/sobres-bandejas-12x12.jpg 12w, https:\/\/carniceriaalbertosanjose.com\/wp-content\/uploads\/2023\/12\/sobres-bandejas-600x600.jpg 600w, https:\/\/carniceriaalbertosanjose.com\/wp-content\/uploads\/2023\/12\/sobres-bandejas-100x100.jpg 100w\" sizes=\"(max-width: 800px) 100vw, 800px\" \/>\t\t\t\t\t\t\t\t\t\t\t\t\t\t\t<\/div>\n\t\t\t\t<\/div>\n\t\t\t\t\t<\/div>\n\t\t<\/div>\n\t\t\t\t<div class=\"elementor-column elementor-col-50 elementor-inner-column elementor-element elementor-element-d031d00\" data-id=\"d031d00\" data-element_type=\"column\">\n\t\t\t<div class=\"elementor-widget-wrap elementor-element-populated\">\n\t\t\t\t\t\t\t\t<div class=\"elementor-element elementor-element-418832f elementor-widget elementor-widget-image\" data-id=\"418832f\" data-element_type=\"widget\" data-widget_type=\"image.default\">\n\t\t\t\t<div class=\"elementor-widget-container\">\n\t\t\t\t\t\t\t\t\t\t\t\t\t\t\t<img fetchpriority=\"high\" decoding=\"async\" width=\"800\" height=\"800\" src=\"https:\/\/carniceriaalbertosanjose.com\/wp-content\/uploads\/2023\/12\/sobres-bandejas.jpg\" class=\"attachment-large size-large wp-image-5110\" alt=\"\" srcset=\"https:\/\/carniceriaalbertosanjose.com\/wp-content\/uploads\/2023\/12\/sobres-bandejas.jpg 800w, https:\/\/carniceriaalbertosanjose.com\/wp-content\/uploads\/2023\/12\/sobres-bandejas-300x300.jpg 300w, https:\/\/carniceriaalbertosanjose.com\/wp-content\/uploads\/2023\/12\/sobres-bandejas-150x150.jpg 150w, https:\/\/carniceriaalbertosanjose.com\/wp-content\/uploads\/2023\/12\/sobres-bandejas-768x768.jpg 768w, https:\/\/carniceriaalbertosanjose.com\/wp-content\/uploads\/2023\/12\/sobres-bandejas-12x12.jpg 12w, https:\/\/carniceriaalbertosanjose.com\/wp-content\/uploads\/2023\/12\/sobres-bandejas-600x600.jpg 600w, https:\/\/carniceriaalbertosanjose.com\/wp-content\/uploads\/2023\/12\/sobres-bandejas-100x100.jpg 100w\" sizes=\"(max-width: 800px) 100vw, 800px\" \/>\t\t\t\t\t\t\t\t\t\t\t\t\t\t\t<\/div>\n\t\t\t\t<\/div>\n\t\t\t\t\t<\/div>\n\t\t<\/div>\n\t\t\t\t\t\t\t<\/div>\n\t\t<\/section>\n\t\t\t\t\t<\/div>\n\t\t<\/div>\n\t\t\t\t\t\t\t<\/div>\n\t\t<\/section>\n\t\t\t\t\t\t\t<\/div>\n\t\t","protected":false},"excerpt":{"rendered":"<p>Nuestro exclusivo servicio de loncheado de jam\u00f3n, paletas y piezas curadas, realizado con maestr\u00eda y dedicaci\u00f3n. Adem\u00e1s, personalizamos bandejas de embutidos para adaptarnos a tus preferencias. Descubre el placer de saborear la aut\u00e9ntica delicia de nuestros productos y d\u00e9janos ser tu elecci\u00f3n de confianza para satisfacer tus deseos gastron\u00f3micos. \u00b7 Contacta con nosotros para consultar [&hellip;]<\/p>\n","protected":false},"author":1,"featured_media":0,"parent":0,"menu_order":0,"comment_status":"closed","ping_status":"closed","template":"elementor_header_footer","meta":{"footnotes":""},"class_list":["post-5087","page","type-page","status-publish","hentry","entry","owp-thumbs-layout-horizontal","owp-btn-big","owp-tabs-layout-horizontal","has-no-thumbnails","has-product-nav"],"yoast_head":"<!-- This site is optimized with the Yoast SEO plugin v21.7 - https:\/\/yoast.com\/wordpress\/plugins\/seo\/ -->\n<title>Servicio de loncheado y bandejas personalizadas - Carnicer\u00eda Alberto San Jos\u00e9<\/title>\n<meta name=\"description\" content=\"Alberto San Jos\u00e9 es una carnicer\u00eda y charcuter\u00eda donde puedes encontrar productos de nuestra tierra y de elaboraci\u00f3n propia.\" \/>\n<meta name=\"robots\" content=\"index, follow, max-snippet:-1, max-image-preview:large, max-video-preview:-1\" \/>\n<link rel=\"canonical\" href=\"https:\/\/carniceriaalbertosanjose.com\/index.php\/servicio-de-loncheado-y-bandejas-personalizadas\/\" \/>\n<meta property=\"og:locale\" content=\"es_ES\" \/>\n<meta property=\"og:type\" content=\"article\" \/>\n<meta property=\"og:title\" content=\"Servicio de loncheado y bandejas personalizadas - Carnicer\u00eda Alberto San Jos\u00e9\" \/>\n<meta property=\"og:description\" content=\"Alberto San Jos\u00e9 es una carnicer\u00eda y charcuter\u00eda donde puedes encontrar productos de nuestra tierra y de elaboraci\u00f3n propia.\" \/>\n<meta property=\"og:url\" content=\"https:\/\/carniceriaalbertosanjose.com\/index.php\/servicio-de-loncheado-y-bandejas-personalizadas\/\" \/>\n<meta property=\"og:site_name\" content=\"Carnicer\u00eda Alberto San Jos\u00e9\" \/>\n<meta property=\"article:publisher\" content=\"https:\/\/www.facebook.com\/carniceriaalbertosanjose\/\" \/>\n<meta property=\"article:modified_time\" content=\"2025-09-15T18:16:41+00:00\" \/>\n<meta property=\"og:image\" content=\"https:\/\/carniceriaalbertosanjose.com\/wp-content\/uploads\/2023\/12\/sobres-bandejas.jpg\" \/>\n<meta name=\"twitter:card\" content=\"summary_large_image\" \/>\n<meta name=\"twitter:label1\" content=\"Tiempo de lectura\" \/>\n\t<meta name=\"twitter:data1\" content=\"1 minuto\" \/>\n<script type=\"application\/ld+json\" class=\"yoast-schema-graph\">{\"@context\":\"https:\/\/schema.org\",\"@graph\":[{\"@type\":\"WebPage\",\"@id\":\"https:\/\/carniceriaalbertosanjose.com\/index.php\/servicio-de-loncheado-y-bandejas-personalizadas\/\",\"url\":\"https:\/\/carniceriaalbertosanjose.com\/index.php\/servicio-de-loncheado-y-bandejas-personalizadas\/\",\"name\":\"Servicio de loncheado y bandejas personalizadas - Carnicer\u00eda Alberto San Jos\u00e9\",\"isPartOf\":{\"@id\":\"https:\/\/carniceriaalbertosanjose.com\/#website\"},\"datePublished\":\"2023-12-15T09:29:13+00:00\",\"dateModified\":\"2025-09-15T18:16:41+00:00\",\"description\":\"Alberto San Jos\u00e9 es una carnicer\u00eda y charcuter\u00eda donde puedes encontrar productos de nuestra tierra y de elaboraci\u00f3n propia.\",\"breadcrumb\":{\"@id\":\"https:\/\/carniceriaalbertosanjose.com\/index.php\/servicio-de-loncheado-y-bandejas-personalizadas\/#breadcrumb\"},\"inLanguage\":\"es\",\"potentialAction\":[{\"@type\":\"ReadAction\",\"target\":[\"https:\/\/carniceriaalbertosanjose.com\/index.php\/servicio-de-loncheado-y-bandejas-personalizadas\/\"]}]},{\"@type\":\"BreadcrumbList\",\"@id\":\"https:\/\/carniceriaalbertosanjose.com\/index.php\/servicio-de-loncheado-y-bandejas-personalizadas\/#breadcrumb\",\"itemListElement\":[{\"@type\":\"ListItem\",\"position\":1,\"name\":\"Inicio\",\"item\":\"https:\/\/carniceriaalbertosanjose.com\/\"},{\"@type\":\"ListItem\",\"position\":2,\"name\":\"Servicio de loncheado y bandejas personalizadas\"}]},{\"@type\":\"WebSite\",\"@id\":\"https:\/\/carniceriaalbertosanjose.com\/#website\",\"url\":\"https:\/\/carniceriaalbertosanjose.com\/\",\"name\":\"Carnicer\u00eda Alberto San Jos\u00e9\",\"description\":\"Productos c\u00e1rnicos de nuestra tierra\",\"publisher\":{\"@id\":\"https:\/\/carniceriaalbertosanjose.com\/#organization\"},\"potentialAction\":[{\"@type\":\"SearchAction\",\"target\":{\"@type\":\"EntryPoint\",\"urlTemplate\":\"https:\/\/carniceriaalbertosanjose.com\/?s={search_term_string}\"},\"query-input\":\"required name=search_term_string\"}],\"inLanguage\":\"es\"},{\"@type\":\"Organization\",\"@id\":\"https:\/\/carniceriaalbertosanjose.com\/#organization\",\"name\":\"Carnicer\u00eda Alberto San Jos\u00e9\",\"url\":\"https:\/\/carniceriaalbertosanjose.com\/\",\"logo\":{\"@type\":\"ImageObject\",\"inLanguage\":\"es\",\"@id\":\"https:\/\/carniceriaalbertosanjose.com\/#\/schema\/logo\/image\/\",\"url\":\"https:\/\/carniceriaalbertosanjose.com\/wp-content\/uploads\/2023\/03\/logotipo-rrss.jpg\",\"contentUrl\":\"https:\/\/carniceriaalbertosanjose.com\/wp-content\/uploads\/2023\/03\/logotipo-rrss.jpg\",\"width\":562,\"height\":781,\"caption\":\"Carnicer\u00eda Alberto San Jos\u00e9\"},\"image\":{\"@id\":\"https:\/\/carniceriaalbertosanjose.com\/#\/schema\/logo\/image\/\"},\"sameAs\":[\"https:\/\/www.facebook.com\/carniceriaalbertosanjose\/\",\"https:\/\/www.instagram.com\/carniceriaalbertosanjose\/\"]}]}<\/script>\n<!-- \/ Yoast SEO plugin. -->","yoast_head_json":{"title":"Servicio de loncheado y bandejas personalizadas - Carnicer\u00eda Alberto San Jos\u00e9","description":"Alberto San Jos\u00e9 es una carnicer\u00eda y charcuter\u00eda donde puedes encontrar productos de nuestra tierra y de elaboraci\u00f3n propia.","robots":{"index":"index","follow":"follow","max-snippet":"max-snippet:-1","max-image-preview":"max-image-preview:large","max-video-preview":"max-video-preview:-1"},"canonical":"https:\/\/carniceriaalbertosanjose.com\/index.php\/servicio-de-loncheado-y-bandejas-personalizadas\/","og_locale":"es_ES","og_type":"article","og_title":"Servicio de loncheado y bandejas personalizadas - Carnicer\u00eda Alberto San Jos\u00e9","og_description":"Alberto San Jos\u00e9 es una carnicer\u00eda y charcuter\u00eda donde puedes encontrar productos de nuestra tierra y de elaboraci\u00f3n propia.","og_url":"https:\/\/carniceriaalbertosanjose.com\/index.php\/servicio-de-loncheado-y-bandejas-personalizadas\/","og_site_name":"Carnicer\u00eda Alberto San Jos\u00e9","article_publisher":"https:\/\/www.facebook.com\/carniceriaalbertosanjose\/","article_modified_time":"2025-09-15T18:16:41+00:00","og_image":[{"url":"https:\/\/carniceriaalbertosanjose.com\/wp-content\/uploads\/2023\/12\/sobres-bandejas.jpg"}],"twitter_card":"summary_large_image","twitter_misc":{"Tiempo de lectura":"1 minuto"},"schema":{"@context":"https:\/\/schema.org","@graph":[{"@type":"WebPage","@id":"https:\/\/carniceriaalbertosanjose.com\/index.php\/servicio-de-loncheado-y-bandejas-personalizadas\/","url":"https:\/\/carniceriaalbertosanjose.com\/index.php\/servicio-de-loncheado-y-bandejas-personalizadas\/","name":"Servicio de loncheado y bandejas personalizadas - Carnicer\u00eda Alberto San Jos\u00e9","isPartOf":{"@id":"https:\/\/carniceriaalbertosanjose.com\/#website"},"datePublished":"2023-12-15T09:29:13+00:00","dateModified":"2025-09-15T18:16:41+00:00","description":"Alberto San Jos\u00e9 es una carnicer\u00eda y charcuter\u00eda donde puedes encontrar productos de nuestra tierra y de elaboraci\u00f3n propia.","breadcrumb":{"@id":"https:\/\/carniceriaalbertosanjose.com\/index.php\/servicio-de-loncheado-y-bandejas-personalizadas\/#breadcrumb"},"inLanguage":"es","potentialAction":[{"@type":"ReadAction","target":["https:\/\/carniceriaalbertosanjose.com\/index.php\/servicio-de-loncheado-y-bandejas-personalizadas\/"]}]},{"@type":"BreadcrumbList","@id":"https:\/\/carniceriaalbertosanjose.com\/index.php\/servicio-de-loncheado-y-bandejas-personalizadas\/#breadcrumb","itemListElement":[{"@type":"ListItem","position":1,"name":"Inicio","item":"https:\/\/carniceriaalbertosanjose.com\/"},{"@type":"ListItem","position":2,"name":"Servicio de loncheado y bandejas personalizadas"}]},{"@type":"WebSite","@id":"https:\/\/carniceriaalbertosanjose.com\/#website","url":"https:\/\/carniceriaalbertosanjose.com\/","name":"Carnicer\u00eda Alberto San Jos\u00e9","description":"Productos c\u00e1rnicos de nuestra tierra","publisher":{"@id":"https:\/\/carniceriaalbertosanjose.com\/#organization"},"potentialAction":[{"@type":"SearchAction","target":{"@type":"EntryPoint","urlTemplate":"https:\/\/carniceriaalbertosanjose.com\/?s={search_term_string}"},"query-input":"required name=search_term_string"}],"inLanguage":"es"},{"@type":"Organization","@id":"https:\/\/carniceriaalbertosanjose.com\/#organization","name":"Carnicer\u00eda Alberto San Jos\u00e9","url":"https:\/\/carniceriaalbertosanjose.com\/","logo":{"@type":"ImageObject","inLanguage":"es","@id":"https:\/\/carniceriaalbertosanjose.com\/#\/schema\/logo\/image\/","url":"https:\/\/carniceriaalbertosanjose.com\/wp-content\/uploads\/2023\/03\/logotipo-rrss.jpg","contentUrl":"https:\/\/carniceriaalbertosanjose.com\/wp-content\/uploads\/2023\/03\/logotipo-rrss.jpg","width":562,"height":781,"caption":"Carnicer\u00eda Alberto San Jos\u00e9"},"image":{"@id":"https:\/\/carniceriaalbertosanjose.com\/#\/schema\/logo\/image\/"},"sameAs":["https:\/\/www.facebook.com\/carniceriaalbertosanjose\/","https:\/\/www.instagram.com\/carniceriaalbertosanjose\/"]}]}},"_links":{"self":[{"href":"https:\/\/carniceriaalbertosanjose.com\/index.php\/wp-json\/wp\/v2\/pages\/5087","targetHints":{"allow":["GET"]}}],"collection":[{"href":"https:\/\/carniceriaalbertosanjose.com\/index.php\/wp-json\/wp\/v2\/pages"}],"about":[{"href":"https:\/\/carniceriaalbertosanjose.com\/index.php\/wp-json\/wp\/v2\/types\/page"}],"author":[{"embeddable":true,"href":"https:\/\/carniceriaalbertosanjose.com\/index.php\/wp-json\/wp\/v2\/users\/1"}],"replies":[{"embeddable":true,"href":"https:\/\/carniceriaalbertosanjose.com\/index.php\/wp-json\/wp\/v2\/comments?post=5087"}],"version-history":[{"count":28,"href":"https:\/\/carniceriaalbertosanjose.com\/index.php\/wp-json\/wp\/v2\/pages\/5087\/revisions"}],"predecessor-version":[{"id":5539,"href":"https:\/\/carniceriaalbertosanjose.com\/index.php\/wp-json\/wp\/v2\/pages\/5087\/revisions\/5539"}],"wp:attachment":[{"href":"https:\/\/carniceriaalbertosanjose.com\/index.php\/wp-json\/wp\/v2\/media?parent=5087"}],"curies":[{"name":"wp","href":"https:\/\/api.w.org\/{rel}","templated":true}]}}