{"id":4367,"date":"2023-05-10T10:34:23","date_gmt":"2023-05-10T10:34:23","guid":{"rendered":"https:\/\/carniceriaalbertosanjose.com\/?post_type=product&#038;p=4367"},"modified":"2024-11-25T13:32:06","modified_gmt":"2024-11-25T13:32:06","slug":"alas-de-pollo-al-grill","status":"publish","type":"product","link":"https:\/\/carniceriaalbertosanjose.com\/index.php\/producto\/alas-de-pollo-al-grill\/","title":{"rendered":"Alas de pollo al grill"},"content":{"rendered":"<p>Alita de pollo con adobo Grill, fritas, al horno o para la barbacoa. Muy muy ricas<\/p>\n<p><span class=\"OYPEnA font-feature-liga-off font-feature-clig-off font-feature-calt-off text-decoration-underline text-strikethrough-none\">I<\/span><span class=\"OYPEnA font-feature-liga-off font-feature-clig-off font-feature-calt-off text-strikethrough-none text-decoration-none\">ngredientes: Carne Pollo, sal, especias, dextrosa, maltodextrina, fibra y almid\u00f3n vegetales, az\u00facar, citrato tris\u00f3dico E331iii,dextrosa fermentada, ascorbato s\u00f3dico E301. <\/span><strong><span class=\"OYPEnA font-feature-liga-off font-feature-clig-off font-feature-calt-off text-strikethrough-none text-decoration-none\">Contiene sulfitos<\/span><span class=\"OYPEnA font-feature-liga-off font-feature-clig-off font-feature-calt-off text-strikethrough-none text-decoration-underline\">.<\/span><\/strong><\/p>\n","protected":false},"excerpt":{"rendered":"<p><strong>4,50 \u20ac\/kg<\/strong><\/p>\n","protected":false},"featured_media":4336,"template":"","meta":[],"product_cat":[81,62],"product_tag":[89,129,88],"class_list":{"0":"post-4367","1":"product","2":"type-product","3":"status-publish","4":"has-post-thumbnail","6":"product_cat-elaborados-frescos","7":"product_cat-pollo","8":"product_tag-a-la-parrilla-parrilla","9":"product_tag-barbacoa","10":"product_tag-para-guisar","12":"entry","13":"has-media","15":"first","16":"instock","17":"taxable","18":"shipping-taxable","19":"purchasable","20":"product-type-variable","21":"has-product-nav","22":"col","23":"span_1_of_3","24":"owp-content-center","25":"owp-thumbs-layout-horizontal","26":"owp-btn-big","27":"owp-tabs-layout-horizontal"},"yoast_head":"<!-- This site is optimized with the Yoast SEO plugin v21.7 - https:\/\/yoast.com\/wordpress\/plugins\/seo\/ -->\n<title>Alas de pollo al grill - Carnicer\u00eda Alberto San Jos\u00e9<\/title>\n<meta name=\"description\" content=\"Alberto San Jos\u00e9 es una carnicer\u00eda y charcuter\u00eda donde puedes encontrar productos de nuestra tierra y de elaboraci\u00f3n propia.\" \/>\n<meta name=\"robots\" content=\"index, follow, max-snippet:-1, max-image-preview:large, max-video-preview:-1\" \/>\n<link rel=\"canonical\" href=\"https:\/\/carniceriaalbertosanjose.com\/index.php\/producto\/alas-de-pollo-al-grill\/\" \/>\n<meta property=\"og:locale\" content=\"es_ES\" \/>\n<meta property=\"og:type\" content=\"article\" \/>\n<meta property=\"og:title\" content=\"Alas de pollo al grill - Carnicer\u00eda Alberto San Jos\u00e9\" \/>\n<meta property=\"og:description\" content=\"Alberto San Jos\u00e9 es una carnicer\u00eda y charcuter\u00eda donde puedes encontrar productos de nuestra tierra y de elaboraci\u00f3n propia.\" \/>\n<meta property=\"og:url\" content=\"https:\/\/carniceriaalbertosanjose.com\/index.php\/producto\/alas-de-pollo-al-grill\/\" \/>\n<meta property=\"og:site_name\" content=\"Carnicer\u00eda Alberto San Jos\u00e9\" \/>\n<meta property=\"article:publisher\" content=\"https:\/\/www.facebook.com\/carniceriaalbertosanjose\/\" \/>\n<meta property=\"article:modified_time\" content=\"2024-11-25T13:32:06+00:00\" \/>\n<meta property=\"og:image\" content=\"https:\/\/carniceriaalbertosanjose.com\/wp-content\/uploads\/2023\/02\/alas-de-pollo-al-grill-e1732541518375.jpg\" \/>\n\t<meta property=\"og:image:width\" content=\"332\" \/>\n\t<meta property=\"og:image:height\" content=\"339\" \/>\n\t<meta property=\"og:image:type\" content=\"image\/jpeg\" \/>\n<meta name=\"twitter:card\" content=\"summary_large_image\" \/>\n<meta name=\"twitter:label1\" content=\"Tiempo de lectura\" \/>\n\t<meta name=\"twitter:data1\" content=\"1 minuto\" \/>\n<script type=\"application\/ld+json\" class=\"yoast-schema-graph\">{\"@context\":\"https:\/\/schema.org\",\"@graph\":[{\"@type\":\"WebPage\",\"@id\":\"https:\/\/carniceriaalbertosanjose.com\/index.php\/producto\/alas-de-pollo-al-grill\/\",\"url\":\"https:\/\/carniceriaalbertosanjose.com\/index.php\/producto\/alas-de-pollo-al-grill\/\",\"name\":\"Alas de pollo al grill - Carnicer\u00eda Alberto San Jos\u00e9\",\"isPartOf\":{\"@id\":\"https:\/\/carniceriaalbertosanjose.com\/#website\"},\"datePublished\":\"2023-05-10T10:34:23+00:00\",\"dateModified\":\"2024-11-25T13:32:06+00:00\",\"description\":\"Alberto San Jos\u00e9 es una carnicer\u00eda y charcuter\u00eda donde puedes encontrar productos de nuestra tierra y de elaboraci\u00f3n propia.\",\"breadcrumb\":{\"@id\":\"https:\/\/carniceriaalbertosanjose.com\/index.php\/producto\/alas-de-pollo-al-grill\/#breadcrumb\"},\"inLanguage\":\"es\",\"potentialAction\":[{\"@type\":\"ReadAction\",\"target\":[\"https:\/\/carniceriaalbertosanjose.com\/index.php\/producto\/alas-de-pollo-al-grill\/\"]}]},{\"@type\":\"BreadcrumbList\",\"@id\":\"https:\/\/carniceriaalbertosanjose.com\/index.php\/producto\/alas-de-pollo-al-grill\/#breadcrumb\",\"itemListElement\":[{\"@type\":\"ListItem\",\"position\":1,\"name\":\"Inicio\",\"item\":\"https:\/\/carniceriaalbertosanjose.com\/\"},{\"@type\":\"ListItem\",\"position\":2,\"name\":\"Tienda\",\"item\":\"https:\/\/carniceriaalbertosanjose.com\/index.php\/tienda\/\"},{\"@type\":\"ListItem\",\"position\":3,\"name\":\"Alas de pollo al grill\"}]},{\"@type\":\"WebSite\",\"@id\":\"https:\/\/carniceriaalbertosanjose.com\/#website\",\"url\":\"https:\/\/carniceriaalbertosanjose.com\/\",\"name\":\"Carnicer\u00eda Alberto San Jos\u00e9\",\"description\":\"Productos c\u00e1rnicos de nuestra tierra\",\"publisher\":{\"@id\":\"https:\/\/carniceriaalbertosanjose.com\/#organization\"},\"potentialAction\":[{\"@type\":\"SearchAction\",\"target\":{\"@type\":\"EntryPoint\",\"urlTemplate\":\"https:\/\/carniceriaalbertosanjose.com\/?s={search_term_string}\"},\"query-input\":\"required name=search_term_string\"}],\"inLanguage\":\"es\"},{\"@type\":\"Organization\",\"@id\":\"https:\/\/carniceriaalbertosanjose.com\/#organization\",\"name\":\"Carnicer\u00eda Alberto San Jos\u00e9\",\"url\":\"https:\/\/carniceriaalbertosanjose.com\/\",\"logo\":{\"@type\":\"ImageObject\",\"inLanguage\":\"es\",\"@id\":\"https:\/\/carniceriaalbertosanjose.com\/#\/schema\/logo\/image\/\",\"url\":\"https:\/\/carniceriaalbertosanjose.com\/wp-content\/uploads\/2023\/03\/logotipo-rrss.jpg\",\"contentUrl\":\"https:\/\/carniceriaalbertosanjose.com\/wp-content\/uploads\/2023\/03\/logotipo-rrss.jpg\",\"width\":562,\"height\":781,\"caption\":\"Carnicer\u00eda Alberto San Jos\u00e9\"},\"image\":{\"@id\":\"https:\/\/carniceriaalbertosanjose.com\/#\/schema\/logo\/image\/\"},\"sameAs\":[\"https:\/\/www.facebook.com\/carniceriaalbertosanjose\/\",\"https:\/\/www.instagram.com\/carniceriaalbertosanjose\/\"]}]}<\/script>\n<!-- \/ Yoast SEO plugin. -->","yoast_head_json":{"title":"Alas de pollo al grill - Carnicer\u00eda Alberto San Jos\u00e9","description":"Alberto San Jos\u00e9 es una carnicer\u00eda y charcuter\u00eda donde puedes encontrar productos de nuestra tierra y de elaboraci\u00f3n propia.","robots":{"index":"index","follow":"follow","max-snippet":"max-snippet:-1","max-image-preview":"max-image-preview:large","max-video-preview":"max-video-preview:-1"},"canonical":"https:\/\/carniceriaalbertosanjose.com\/index.php\/producto\/alas-de-pollo-al-grill\/","og_locale":"es_ES","og_type":"article","og_title":"Alas de pollo al grill - Carnicer\u00eda Alberto San Jos\u00e9","og_description":"Alberto San Jos\u00e9 es una carnicer\u00eda y charcuter\u00eda donde puedes encontrar productos de nuestra tierra y de elaboraci\u00f3n propia.","og_url":"https:\/\/carniceriaalbertosanjose.com\/index.php\/producto\/alas-de-pollo-al-grill\/","og_site_name":"Carnicer\u00eda Alberto San Jos\u00e9","article_publisher":"https:\/\/www.facebook.com\/carniceriaalbertosanjose\/","article_modified_time":"2024-11-25T13:32:06+00:00","og_image":[{"width":332,"height":339,"url":"https:\/\/carniceriaalbertosanjose.com\/wp-content\/uploads\/2023\/02\/alas-de-pollo-al-grill-e1732541518375.jpg","type":"image\/jpeg"}],"twitter_card":"summary_large_image","twitter_misc":{"Tiempo de lectura":"1 minuto"},"schema":{"@context":"https:\/\/schema.org","@graph":[{"@type":"WebPage","@id":"https:\/\/carniceriaalbertosanjose.com\/index.php\/producto\/alas-de-pollo-al-grill\/","url":"https:\/\/carniceriaalbertosanjose.com\/index.php\/producto\/alas-de-pollo-al-grill\/","name":"Alas de pollo al grill - Carnicer\u00eda Alberto San Jos\u00e9","isPartOf":{"@id":"https:\/\/carniceriaalbertosanjose.com\/#website"},"datePublished":"2023-05-10T10:34:23+00:00","dateModified":"2024-11-25T13:32:06+00:00","description":"Alberto San Jos\u00e9 es una carnicer\u00eda y charcuter\u00eda donde puedes encontrar productos de nuestra tierra y de elaboraci\u00f3n propia.","breadcrumb":{"@id":"https:\/\/carniceriaalbertosanjose.com\/index.php\/producto\/alas-de-pollo-al-grill\/#breadcrumb"},"inLanguage":"es","potentialAction":[{"@type":"ReadAction","target":["https:\/\/carniceriaalbertosanjose.com\/index.php\/producto\/alas-de-pollo-al-grill\/"]}]},{"@type":"BreadcrumbList","@id":"https:\/\/carniceriaalbertosanjose.com\/index.php\/producto\/alas-de-pollo-al-grill\/#breadcrumb","itemListElement":[{"@type":"ListItem","position":1,"name":"Inicio","item":"https:\/\/carniceriaalbertosanjose.com\/"},{"@type":"ListItem","position":2,"name":"Tienda","item":"https:\/\/carniceriaalbertosanjose.com\/index.php\/tienda\/"},{"@type":"ListItem","position":3,"name":"Alas de pollo al grill"}]},{"@type":"WebSite","@id":"https:\/\/carniceriaalbertosanjose.com\/#website","url":"https:\/\/carniceriaalbertosanjose.com\/","name":"Carnicer\u00eda Alberto San Jos\u00e9","description":"Productos c\u00e1rnicos de nuestra tierra","publisher":{"@id":"https:\/\/carniceriaalbertosanjose.com\/#organization"},"potentialAction":[{"@type":"SearchAction","target":{"@type":"EntryPoint","urlTemplate":"https:\/\/carniceriaalbertosanjose.com\/?s={search_term_string}"},"query-input":"required name=search_term_string"}],"inLanguage":"es"},{"@type":"Organization","@id":"https:\/\/carniceriaalbertosanjose.com\/#organization","name":"Carnicer\u00eda Alberto San Jos\u00e9","url":"https:\/\/carniceriaalbertosanjose.com\/","logo":{"@type":"ImageObject","inLanguage":"es","@id":"https:\/\/carniceriaalbertosanjose.com\/#\/schema\/logo\/image\/","url":"https:\/\/carniceriaalbertosanjose.com\/wp-content\/uploads\/2023\/03\/logotipo-rrss.jpg","contentUrl":"https:\/\/carniceriaalbertosanjose.com\/wp-content\/uploads\/2023\/03\/logotipo-rrss.jpg","width":562,"height":781,"caption":"Carnicer\u00eda Alberto San Jos\u00e9"},"image":{"@id":"https:\/\/carniceriaalbertosanjose.com\/#\/schema\/logo\/image\/"},"sameAs":["https:\/\/www.facebook.com\/carniceriaalbertosanjose\/","https:\/\/www.instagram.com\/carniceriaalbertosanjose\/"]}]}},"_links":{"self":[{"href":"https:\/\/carniceriaalbertosanjose.com\/index.php\/wp-json\/wp\/v2\/product\/4367","targetHints":{"allow":["GET"]}}],"collection":[{"href":"https:\/\/carniceriaalbertosanjose.com\/index.php\/wp-json\/wp\/v2\/product"}],"about":[{"href":"https:\/\/carniceriaalbertosanjose.com\/index.php\/wp-json\/wp\/v2\/types\/product"}],"wp:featuredmedia":[{"embeddable":true,"href":"https:\/\/carniceriaalbertosanjose.com\/index.php\/wp-json\/wp\/v2\/media\/4336"}],"wp:attachment":[{"href":"https:\/\/carniceriaalbertosanjose.com\/index.php\/wp-json\/wp\/v2\/media?parent=4367"}],"wp:term":[{"taxonomy":"product_cat","embeddable":true,"href":"https:\/\/carniceriaalbertosanjose.com\/index.php\/wp-json\/wp\/v2\/product_cat?post=4367"},{"taxonomy":"product_tag","embeddable":true,"href":"https:\/\/carniceriaalbertosanjose.com\/index.php\/wp-json\/wp\/v2\/product_tag?post=4367"}],"curies":[{"name":"wp","href":"https:\/\/api.w.org\/{rel}","templated":true}]}}