{"id":4381,"date":"2023-05-10T10:43:28","date_gmt":"2023-05-10T10:43:28","guid":{"rendered":"https:\/\/carniceriaalbertosanjose.com\/?post_type=product&#038;p=4381"},"modified":"2024-11-25T15:56:24","modified_gmt":"2024-11-25T15:56:24","slug":"pincho-de-pollo-rojo","status":"publish","type":"product","link":"https:\/\/carniceriaalbertosanjose.com\/index.php\/producto\/pincho-de-pollo-rojo\/","title":{"rendered":"Pincho de pollo rojo"},"content":{"rendered":"<p>Taquitos de pechuga de pollo adobadas. Ideales para hacerlas a la plancha solas, a\u00f1adirlas a un arroz blanco o comerlas en pincho para barbacoas y parrillas,<\/p>\n","protected":false},"excerpt":{"rendered":"<p><strong>11,90 \u20ac\/kg<\/strong><\/p>\n","protected":false},"featured_media":4349,"template":"","meta":[],"product_cat":[81,62],"product_tag":[89,88],"class_list":{"0":"post-4381","1":"product","2":"type-product","3":"status-publish","4":"has-post-thumbnail","6":"product_cat-elaborados-frescos","7":"product_cat-pollo","8":"product_tag-a-la-parrilla-parrilla","9":"product_tag-para-guisar","11":"entry","12":"has-media","14":"first","15":"instock","16":"taxable","17":"shipping-taxable","18":"purchasable","19":"product-type-variable","20":"has-product-nav","21":"col","22":"span_1_of_3","23":"owp-content-center","24":"owp-thumbs-layout-horizontal","25":"owp-btn-big","26":"owp-tabs-layout-horizontal","27":"has-no-thumbnails"},"yoast_head":"<!-- This site is optimized with the Yoast SEO plugin v21.7 - https:\/\/yoast.com\/wordpress\/plugins\/seo\/ -->\n<title>Pincho de pollo rojo - Carnicer\u00eda Alberto San Jos\u00e9<\/title>\n<meta name=\"description\" content=\"Alberto San Jos\u00e9 es una carnicer\u00eda y charcuter\u00eda donde puedes encontrar productos de nuestra tierra y de elaboraci\u00f3n propia.\" \/>\n<meta name=\"robots\" content=\"index, follow, max-snippet:-1, max-image-preview:large, max-video-preview:-1\" \/>\n<link rel=\"canonical\" href=\"https:\/\/carniceriaalbertosanjose.com\/index.php\/producto\/pincho-de-pollo-rojo\/\" \/>\n<meta property=\"og:locale\" content=\"es_ES\" \/>\n<meta property=\"og:type\" content=\"article\" \/>\n<meta property=\"og:title\" content=\"Pincho de pollo rojo - Carnicer\u00eda Alberto San Jos\u00e9\" \/>\n<meta property=\"og:description\" content=\"Alberto San Jos\u00e9 es una carnicer\u00eda y charcuter\u00eda donde puedes encontrar productos de nuestra tierra y de elaboraci\u00f3n propia.\" \/>\n<meta property=\"og:url\" content=\"https:\/\/carniceriaalbertosanjose.com\/index.php\/producto\/pincho-de-pollo-rojo\/\" \/>\n<meta property=\"og:site_name\" content=\"Carnicer\u00eda Alberto San Jos\u00e9\" \/>\n<meta property=\"article:publisher\" content=\"https:\/\/www.facebook.com\/carniceriaalbertosanjose\/\" \/>\n<meta property=\"article:modified_time\" content=\"2024-11-25T15:56:24+00:00\" \/>\n<meta property=\"og:image\" content=\"https:\/\/carniceriaalbertosanjose.com\/wp-content\/uploads\/2023\/02\/pinho-de-pollo-rojo-e1732550177615.jpg\" \/>\n\t<meta property=\"og:image:width\" content=\"387\" \/>\n\t<meta property=\"og:image:height\" content=\"313\" \/>\n\t<meta property=\"og:image:type\" content=\"image\/jpeg\" \/>\n<meta name=\"twitter:card\" content=\"summary_large_image\" \/>\n<meta name=\"twitter:label1\" content=\"Tiempo de lectura\" \/>\n\t<meta name=\"twitter:data1\" content=\"1 minuto\" \/>\n<script type=\"application\/ld+json\" class=\"yoast-schema-graph\">{\"@context\":\"https:\/\/schema.org\",\"@graph\":[{\"@type\":\"WebPage\",\"@id\":\"https:\/\/carniceriaalbertosanjose.com\/index.php\/producto\/pincho-de-pollo-rojo\/\",\"url\":\"https:\/\/carniceriaalbertosanjose.com\/index.php\/producto\/pincho-de-pollo-rojo\/\",\"name\":\"Pincho de pollo rojo - Carnicer\u00eda Alberto San Jos\u00e9\",\"isPartOf\":{\"@id\":\"https:\/\/carniceriaalbertosanjose.com\/#website\"},\"datePublished\":\"2023-05-10T10:43:28+00:00\",\"dateModified\":\"2024-11-25T15:56:24+00:00\",\"description\":\"Alberto San Jos\u00e9 es una carnicer\u00eda y charcuter\u00eda donde puedes encontrar productos de nuestra tierra y de elaboraci\u00f3n propia.\",\"breadcrumb\":{\"@id\":\"https:\/\/carniceriaalbertosanjose.com\/index.php\/producto\/pincho-de-pollo-rojo\/#breadcrumb\"},\"inLanguage\":\"es\",\"potentialAction\":[{\"@type\":\"ReadAction\",\"target\":[\"https:\/\/carniceriaalbertosanjose.com\/index.php\/producto\/pincho-de-pollo-rojo\/\"]}]},{\"@type\":\"BreadcrumbList\",\"@id\":\"https:\/\/carniceriaalbertosanjose.com\/index.php\/producto\/pincho-de-pollo-rojo\/#breadcrumb\",\"itemListElement\":[{\"@type\":\"ListItem\",\"position\":1,\"name\":\"Inicio\",\"item\":\"https:\/\/carniceriaalbertosanjose.com\/\"},{\"@type\":\"ListItem\",\"position\":2,\"name\":\"Tienda\",\"item\":\"https:\/\/carniceriaalbertosanjose.com\/index.php\/tienda\/\"},{\"@type\":\"ListItem\",\"position\":3,\"name\":\"Pincho de pollo rojo\"}]},{\"@type\":\"WebSite\",\"@id\":\"https:\/\/carniceriaalbertosanjose.com\/#website\",\"url\":\"https:\/\/carniceriaalbertosanjose.com\/\",\"name\":\"Carnicer\u00eda Alberto San Jos\u00e9\",\"description\":\"Productos c\u00e1rnicos de nuestra tierra\",\"publisher\":{\"@id\":\"https:\/\/carniceriaalbertosanjose.com\/#organization\"},\"potentialAction\":[{\"@type\":\"SearchAction\",\"target\":{\"@type\":\"EntryPoint\",\"urlTemplate\":\"https:\/\/carniceriaalbertosanjose.com\/?s={search_term_string}\"},\"query-input\":\"required name=search_term_string\"}],\"inLanguage\":\"es\"},{\"@type\":\"Organization\",\"@id\":\"https:\/\/carniceriaalbertosanjose.com\/#organization\",\"name\":\"Carnicer\u00eda Alberto San Jos\u00e9\",\"url\":\"https:\/\/carniceriaalbertosanjose.com\/\",\"logo\":{\"@type\":\"ImageObject\",\"inLanguage\":\"es\",\"@id\":\"https:\/\/carniceriaalbertosanjose.com\/#\/schema\/logo\/image\/\",\"url\":\"https:\/\/carniceriaalbertosanjose.com\/wp-content\/uploads\/2023\/03\/logotipo-rrss.jpg\",\"contentUrl\":\"https:\/\/carniceriaalbertosanjose.com\/wp-content\/uploads\/2023\/03\/logotipo-rrss.jpg\",\"width\":562,\"height\":781,\"caption\":\"Carnicer\u00eda Alberto San Jos\u00e9\"},\"image\":{\"@id\":\"https:\/\/carniceriaalbertosanjose.com\/#\/schema\/logo\/image\/\"},\"sameAs\":[\"https:\/\/www.facebook.com\/carniceriaalbertosanjose\/\",\"https:\/\/www.instagram.com\/carniceriaalbertosanjose\/\"]}]}<\/script>\n<!-- \/ Yoast SEO plugin. -->","yoast_head_json":{"title":"Pincho de pollo rojo - Carnicer\u00eda Alberto San Jos\u00e9","description":"Alberto San Jos\u00e9 es una carnicer\u00eda y charcuter\u00eda donde puedes encontrar productos de nuestra tierra y de elaboraci\u00f3n propia.","robots":{"index":"index","follow":"follow","max-snippet":"max-snippet:-1","max-image-preview":"max-image-preview:large","max-video-preview":"max-video-preview:-1"},"canonical":"https:\/\/carniceriaalbertosanjose.com\/index.php\/producto\/pincho-de-pollo-rojo\/","og_locale":"es_ES","og_type":"article","og_title":"Pincho de pollo rojo - Carnicer\u00eda Alberto San Jos\u00e9","og_description":"Alberto San Jos\u00e9 es una carnicer\u00eda y charcuter\u00eda donde puedes encontrar productos de nuestra tierra y de elaboraci\u00f3n propia.","og_url":"https:\/\/carniceriaalbertosanjose.com\/index.php\/producto\/pincho-de-pollo-rojo\/","og_site_name":"Carnicer\u00eda Alberto San Jos\u00e9","article_publisher":"https:\/\/www.facebook.com\/carniceriaalbertosanjose\/","article_modified_time":"2024-11-25T15:56:24+00:00","og_image":[{"width":387,"height":313,"url":"https:\/\/carniceriaalbertosanjose.com\/wp-content\/uploads\/2023\/02\/pinho-de-pollo-rojo-e1732550177615.jpg","type":"image\/jpeg"}],"twitter_card":"summary_large_image","twitter_misc":{"Tiempo de lectura":"1 minuto"},"schema":{"@context":"https:\/\/schema.org","@graph":[{"@type":"WebPage","@id":"https:\/\/carniceriaalbertosanjose.com\/index.php\/producto\/pincho-de-pollo-rojo\/","url":"https:\/\/carniceriaalbertosanjose.com\/index.php\/producto\/pincho-de-pollo-rojo\/","name":"Pincho de pollo rojo - Carnicer\u00eda Alberto San Jos\u00e9","isPartOf":{"@id":"https:\/\/carniceriaalbertosanjose.com\/#website"},"datePublished":"2023-05-10T10:43:28+00:00","dateModified":"2024-11-25T15:56:24+00:00","description":"Alberto San Jos\u00e9 es una carnicer\u00eda y charcuter\u00eda donde puedes encontrar productos de nuestra tierra y de elaboraci\u00f3n propia.","breadcrumb":{"@id":"https:\/\/carniceriaalbertosanjose.com\/index.php\/producto\/pincho-de-pollo-rojo\/#breadcrumb"},"inLanguage":"es","potentialAction":[{"@type":"ReadAction","target":["https:\/\/carniceriaalbertosanjose.com\/index.php\/producto\/pincho-de-pollo-rojo\/"]}]},{"@type":"BreadcrumbList","@id":"https:\/\/carniceriaalbertosanjose.com\/index.php\/producto\/pincho-de-pollo-rojo\/#breadcrumb","itemListElement":[{"@type":"ListItem","position":1,"name":"Inicio","item":"https:\/\/carniceriaalbertosanjose.com\/"},{"@type":"ListItem","position":2,"name":"Tienda","item":"https:\/\/carniceriaalbertosanjose.com\/index.php\/tienda\/"},{"@type":"ListItem","position":3,"name":"Pincho de pollo rojo"}]},{"@type":"WebSite","@id":"https:\/\/carniceriaalbertosanjose.com\/#website","url":"https:\/\/carniceriaalbertosanjose.com\/","name":"Carnicer\u00eda Alberto San Jos\u00e9","description":"Productos c\u00e1rnicos de nuestra tierra","publisher":{"@id":"https:\/\/carniceriaalbertosanjose.com\/#organization"},"potentialAction":[{"@type":"SearchAction","target":{"@type":"EntryPoint","urlTemplate":"https:\/\/carniceriaalbertosanjose.com\/?s={search_term_string}"},"query-input":"required name=search_term_string"}],"inLanguage":"es"},{"@type":"Organization","@id":"https:\/\/carniceriaalbertosanjose.com\/#organization","name":"Carnicer\u00eda Alberto San Jos\u00e9","url":"https:\/\/carniceriaalbertosanjose.com\/","logo":{"@type":"ImageObject","inLanguage":"es","@id":"https:\/\/carniceriaalbertosanjose.com\/#\/schema\/logo\/image\/","url":"https:\/\/carniceriaalbertosanjose.com\/wp-content\/uploads\/2023\/03\/logotipo-rrss.jpg","contentUrl":"https:\/\/carniceriaalbertosanjose.com\/wp-content\/uploads\/2023\/03\/logotipo-rrss.jpg","width":562,"height":781,"caption":"Carnicer\u00eda Alberto San Jos\u00e9"},"image":{"@id":"https:\/\/carniceriaalbertosanjose.com\/#\/schema\/logo\/image\/"},"sameAs":["https:\/\/www.facebook.com\/carniceriaalbertosanjose\/","https:\/\/www.instagram.com\/carniceriaalbertosanjose\/"]}]}},"_links":{"self":[{"href":"https:\/\/carniceriaalbertosanjose.com\/index.php\/wp-json\/wp\/v2\/product\/4381","targetHints":{"allow":["GET"]}}],"collection":[{"href":"https:\/\/carniceriaalbertosanjose.com\/index.php\/wp-json\/wp\/v2\/product"}],"about":[{"href":"https:\/\/carniceriaalbertosanjose.com\/index.php\/wp-json\/wp\/v2\/types\/product"}],"wp:featuredmedia":[{"embeddable":true,"href":"https:\/\/carniceriaalbertosanjose.com\/index.php\/wp-json\/wp\/v2\/media\/4349"}],"wp:attachment":[{"href":"https:\/\/carniceriaalbertosanjose.com\/index.php\/wp-json\/wp\/v2\/media?parent=4381"}],"wp:term":[{"taxonomy":"product_cat","embeddable":true,"href":"https:\/\/carniceriaalbertosanjose.com\/index.php\/wp-json\/wp\/v2\/product_cat?post=4381"},{"taxonomy":"product_tag","embeddable":true,"href":"https:\/\/carniceriaalbertosanjose.com\/index.php\/wp-json\/wp\/v2\/product_tag?post=4381"}],"curies":[{"name":"wp","href":"https:\/\/api.w.org\/{rel}","templated":true}]}}