{"id":4410,"date":"2023-05-11T10:37:17","date_gmt":"2023-05-11T10:37:17","guid":{"rendered":"https:\/\/carniceriaalbertosanjose.com\/?post_type=product&#038;p=4410"},"modified":"2026-03-02T19:57:13","modified_gmt":"2026-03-02T19:57:13","slug":"chorizo-fresco","status":"publish","type":"product","link":"https:\/\/carniceriaalbertosanjose.com\/index.php\/producto\/chorizo-fresco\/","title":{"rendered":"Chorizo fresco casero"},"content":{"rendered":"<p><span dir=\"ltr\" role=\"presentation\"><strong>INGREDIENTES 100% NATURALES<\/strong>: Carne de Cerdo Duroc, piment\u00f3n, sal, ajo y or\u00e9gano.<\/span><br role=\"presentation\" \/><strong><span dir=\"ltr\" role=\"presentation\">SIN INGREDIENTES ALERGENOS.<\/span><\/strong><\/p>\n","protected":false},"excerpt":{"rendered":"<p><span dir=\"ltr\" role=\"presentation\"><strong>INGREDIENTES<\/strong>: Carne de Cerdo, piment\u00f3n, sal, ajo y or\u00e9gano.<\/span><br role=\"presentation\" \/><span dir=\"ltr\" role=\"presentation\"><strong>SIN INGREDIENTES<\/strong> <strong>ALERGENOS.<\/strong><\/span><\/p>\n<p><strong>10,90\u20ac\/Kg<\/strong><\/p>\n","protected":false},"featured_media":4326,"template":"","meta":[],"product_cat":[81],"product_tag":[89,88],"class_list":{"0":"post-4410","1":"product","2":"type-product","3":"status-publish","4":"has-post-thumbnail","6":"product_cat-elaborados-frescos","7":"product_tag-a-la-parrilla-parrilla","8":"product_tag-para-guisar","10":"entry","11":"has-media","13":"first","14":"instock","15":"taxable","16":"shipping-taxable","17":"purchasable","18":"product-type-variable","19":"has-product-nav","20":"col","21":"span_1_of_3","22":"owp-content-center","23":"owp-thumbs-layout-horizontal","24":"owp-btn-big","25":"owp-tabs-layout-horizontal","26":"has-no-thumbnails"},"yoast_head":"<!-- This site is optimized with the Yoast SEO plugin v21.7 - https:\/\/yoast.com\/wordpress\/plugins\/seo\/ -->\n<title>Chorizo fresco casero - Carnicer\u00eda Alberto San Jos\u00e9<\/title>\n<meta name=\"description\" content=\"Alberto San Jos\u00e9 es una carnicer\u00eda y charcuter\u00eda donde puedes encontrar productos de nuestra tierra y de elaboraci\u00f3n propia.\" \/>\n<meta name=\"robots\" content=\"index, follow, max-snippet:-1, max-image-preview:large, max-video-preview:-1\" \/>\n<link rel=\"canonical\" href=\"https:\/\/carniceriaalbertosanjose.com\/index.php\/producto\/chorizo-fresco\/\" \/>\n<meta property=\"og:locale\" content=\"es_ES\" \/>\n<meta property=\"og:type\" content=\"article\" \/>\n<meta property=\"og:title\" content=\"Chorizo fresco casero - Carnicer\u00eda Alberto San Jos\u00e9\" \/>\n<meta property=\"og:description\" content=\"Alberto San Jos\u00e9 es una carnicer\u00eda y charcuter\u00eda donde puedes encontrar productos de nuestra tierra y de elaboraci\u00f3n propia.\" \/>\n<meta property=\"og:url\" content=\"https:\/\/carniceriaalbertosanjose.com\/index.php\/producto\/chorizo-fresco\/\" \/>\n<meta property=\"og:site_name\" content=\"Carnicer\u00eda Alberto San Jos\u00e9\" \/>\n<meta property=\"article:publisher\" content=\"https:\/\/www.facebook.com\/carniceriaalbertosanjose\/\" \/>\n<meta property=\"article:modified_time\" content=\"2026-03-02T19:57:13+00:00\" \/>\n<meta property=\"og:image\" content=\"https:\/\/carniceriaalbertosanjose.com\/wp-content\/uploads\/2023\/02\/chorizo-fresco-tradicional.jpg\" \/>\n\t<meta property=\"og:image:width\" content=\"800\" \/>\n\t<meta property=\"og:image:height\" content=\"600\" \/>\n\t<meta property=\"og:image:type\" content=\"image\/jpeg\" \/>\n<meta name=\"twitter:card\" content=\"summary_large_image\" \/>\n<meta name=\"twitter:label1\" content=\"Tiempo de lectura\" \/>\n\t<meta name=\"twitter:data1\" content=\"1 minuto\" \/>\n<script type=\"application\/ld+json\" class=\"yoast-schema-graph\">{\"@context\":\"https:\/\/schema.org\",\"@graph\":[{\"@type\":\"WebPage\",\"@id\":\"https:\/\/carniceriaalbertosanjose.com\/index.php\/producto\/chorizo-fresco\/\",\"url\":\"https:\/\/carniceriaalbertosanjose.com\/index.php\/producto\/chorizo-fresco\/\",\"name\":\"Chorizo fresco casero - Carnicer\u00eda Alberto San Jos\u00e9\",\"isPartOf\":{\"@id\":\"https:\/\/carniceriaalbertosanjose.com\/#website\"},\"datePublished\":\"2023-05-11T10:37:17+00:00\",\"dateModified\":\"2026-03-02T19:57:13+00:00\",\"description\":\"Alberto San Jos\u00e9 es una carnicer\u00eda y charcuter\u00eda donde puedes encontrar productos de nuestra tierra y de elaboraci\u00f3n propia.\",\"breadcrumb\":{\"@id\":\"https:\/\/carniceriaalbertosanjose.com\/index.php\/producto\/chorizo-fresco\/#breadcrumb\"},\"inLanguage\":\"es\",\"potentialAction\":[{\"@type\":\"ReadAction\",\"target\":[\"https:\/\/carniceriaalbertosanjose.com\/index.php\/producto\/chorizo-fresco\/\"]}]},{\"@type\":\"BreadcrumbList\",\"@id\":\"https:\/\/carniceriaalbertosanjose.com\/index.php\/producto\/chorizo-fresco\/#breadcrumb\",\"itemListElement\":[{\"@type\":\"ListItem\",\"position\":1,\"name\":\"Inicio\",\"item\":\"https:\/\/carniceriaalbertosanjose.com\/\"},{\"@type\":\"ListItem\",\"position\":2,\"name\":\"Tienda\",\"item\":\"https:\/\/carniceriaalbertosanjose.com\/index.php\/tienda\/\"},{\"@type\":\"ListItem\",\"position\":3,\"name\":\"Chorizo fresco casero\"}]},{\"@type\":\"WebSite\",\"@id\":\"https:\/\/carniceriaalbertosanjose.com\/#website\",\"url\":\"https:\/\/carniceriaalbertosanjose.com\/\",\"name\":\"Carnicer\u00eda Alberto San Jos\u00e9\",\"description\":\"Productos c\u00e1rnicos de nuestra tierra\",\"publisher\":{\"@id\":\"https:\/\/carniceriaalbertosanjose.com\/#organization\"},\"potentialAction\":[{\"@type\":\"SearchAction\",\"target\":{\"@type\":\"EntryPoint\",\"urlTemplate\":\"https:\/\/carniceriaalbertosanjose.com\/?s={search_term_string}\"},\"query-input\":\"required name=search_term_string\"}],\"inLanguage\":\"es\"},{\"@type\":\"Organization\",\"@id\":\"https:\/\/carniceriaalbertosanjose.com\/#organization\",\"name\":\"Carnicer\u00eda Alberto San Jos\u00e9\",\"url\":\"https:\/\/carniceriaalbertosanjose.com\/\",\"logo\":{\"@type\":\"ImageObject\",\"inLanguage\":\"es\",\"@id\":\"https:\/\/carniceriaalbertosanjose.com\/#\/schema\/logo\/image\/\",\"url\":\"https:\/\/carniceriaalbertosanjose.com\/wp-content\/uploads\/2023\/03\/logotipo-rrss.jpg\",\"contentUrl\":\"https:\/\/carniceriaalbertosanjose.com\/wp-content\/uploads\/2023\/03\/logotipo-rrss.jpg\",\"width\":562,\"height\":781,\"caption\":\"Carnicer\u00eda Alberto San Jos\u00e9\"},\"image\":{\"@id\":\"https:\/\/carniceriaalbertosanjose.com\/#\/schema\/logo\/image\/\"},\"sameAs\":[\"https:\/\/www.facebook.com\/carniceriaalbertosanjose\/\",\"https:\/\/www.instagram.com\/carniceriaalbertosanjose\/\"]}]}<\/script>\n<!-- \/ Yoast SEO plugin. -->","yoast_head_json":{"title":"Chorizo fresco casero - Carnicer\u00eda Alberto San Jos\u00e9","description":"Alberto San Jos\u00e9 es una carnicer\u00eda y charcuter\u00eda donde puedes encontrar productos de nuestra tierra y de elaboraci\u00f3n propia.","robots":{"index":"index","follow":"follow","max-snippet":"max-snippet:-1","max-image-preview":"max-image-preview:large","max-video-preview":"max-video-preview:-1"},"canonical":"https:\/\/carniceriaalbertosanjose.com\/index.php\/producto\/chorizo-fresco\/","og_locale":"es_ES","og_type":"article","og_title":"Chorizo fresco casero - Carnicer\u00eda Alberto San Jos\u00e9","og_description":"Alberto San Jos\u00e9 es una carnicer\u00eda y charcuter\u00eda donde puedes encontrar productos de nuestra tierra y de elaboraci\u00f3n propia.","og_url":"https:\/\/carniceriaalbertosanjose.com\/index.php\/producto\/chorizo-fresco\/","og_site_name":"Carnicer\u00eda Alberto San Jos\u00e9","article_publisher":"https:\/\/www.facebook.com\/carniceriaalbertosanjose\/","article_modified_time":"2026-03-02T19:57:13+00:00","og_image":[{"width":800,"height":600,"url":"https:\/\/carniceriaalbertosanjose.com\/wp-content\/uploads\/2023\/02\/chorizo-fresco-tradicional.jpg","type":"image\/jpeg"}],"twitter_card":"summary_large_image","twitter_misc":{"Tiempo de lectura":"1 minuto"},"schema":{"@context":"https:\/\/schema.org","@graph":[{"@type":"WebPage","@id":"https:\/\/carniceriaalbertosanjose.com\/index.php\/producto\/chorizo-fresco\/","url":"https:\/\/carniceriaalbertosanjose.com\/index.php\/producto\/chorizo-fresco\/","name":"Chorizo fresco casero - Carnicer\u00eda Alberto San Jos\u00e9","isPartOf":{"@id":"https:\/\/carniceriaalbertosanjose.com\/#website"},"datePublished":"2023-05-11T10:37:17+00:00","dateModified":"2026-03-02T19:57:13+00:00","description":"Alberto San Jos\u00e9 es una carnicer\u00eda y charcuter\u00eda donde puedes encontrar productos de nuestra tierra y de elaboraci\u00f3n propia.","breadcrumb":{"@id":"https:\/\/carniceriaalbertosanjose.com\/index.php\/producto\/chorizo-fresco\/#breadcrumb"},"inLanguage":"es","potentialAction":[{"@type":"ReadAction","target":["https:\/\/carniceriaalbertosanjose.com\/index.php\/producto\/chorizo-fresco\/"]}]},{"@type":"BreadcrumbList","@id":"https:\/\/carniceriaalbertosanjose.com\/index.php\/producto\/chorizo-fresco\/#breadcrumb","itemListElement":[{"@type":"ListItem","position":1,"name":"Inicio","item":"https:\/\/carniceriaalbertosanjose.com\/"},{"@type":"ListItem","position":2,"name":"Tienda","item":"https:\/\/carniceriaalbertosanjose.com\/index.php\/tienda\/"},{"@type":"ListItem","position":3,"name":"Chorizo fresco casero"}]},{"@type":"WebSite","@id":"https:\/\/carniceriaalbertosanjose.com\/#website","url":"https:\/\/carniceriaalbertosanjose.com\/","name":"Carnicer\u00eda Alberto San Jos\u00e9","description":"Productos c\u00e1rnicos de nuestra tierra","publisher":{"@id":"https:\/\/carniceriaalbertosanjose.com\/#organization"},"potentialAction":[{"@type":"SearchAction","target":{"@type":"EntryPoint","urlTemplate":"https:\/\/carniceriaalbertosanjose.com\/?s={search_term_string}"},"query-input":"required name=search_term_string"}],"inLanguage":"es"},{"@type":"Organization","@id":"https:\/\/carniceriaalbertosanjose.com\/#organization","name":"Carnicer\u00eda Alberto San Jos\u00e9","url":"https:\/\/carniceriaalbertosanjose.com\/","logo":{"@type":"ImageObject","inLanguage":"es","@id":"https:\/\/carniceriaalbertosanjose.com\/#\/schema\/logo\/image\/","url":"https:\/\/carniceriaalbertosanjose.com\/wp-content\/uploads\/2023\/03\/logotipo-rrss.jpg","contentUrl":"https:\/\/carniceriaalbertosanjose.com\/wp-content\/uploads\/2023\/03\/logotipo-rrss.jpg","width":562,"height":781,"caption":"Carnicer\u00eda Alberto San Jos\u00e9"},"image":{"@id":"https:\/\/carniceriaalbertosanjose.com\/#\/schema\/logo\/image\/"},"sameAs":["https:\/\/www.facebook.com\/carniceriaalbertosanjose\/","https:\/\/www.instagram.com\/carniceriaalbertosanjose\/"]}]}},"_links":{"self":[{"href":"https:\/\/carniceriaalbertosanjose.com\/index.php\/wp-json\/wp\/v2\/product\/4410","targetHints":{"allow":["GET"]}}],"collection":[{"href":"https:\/\/carniceriaalbertosanjose.com\/index.php\/wp-json\/wp\/v2\/product"}],"about":[{"href":"https:\/\/carniceriaalbertosanjose.com\/index.php\/wp-json\/wp\/v2\/types\/product"}],"wp:featuredmedia":[{"embeddable":true,"href":"https:\/\/carniceriaalbertosanjose.com\/index.php\/wp-json\/wp\/v2\/media\/4326"}],"wp:attachment":[{"href":"https:\/\/carniceriaalbertosanjose.com\/index.php\/wp-json\/wp\/v2\/media?parent=4410"}],"wp:term":[{"taxonomy":"product_cat","embeddable":true,"href":"https:\/\/carniceriaalbertosanjose.com\/index.php\/wp-json\/wp\/v2\/product_cat?post=4410"},{"taxonomy":"product_tag","embeddable":true,"href":"https:\/\/carniceriaalbertosanjose.com\/index.php\/wp-json\/wp\/v2\/product_tag?post=4410"}],"curies":[{"name":"wp","href":"https:\/\/api.w.org\/{rel}","templated":true}]}}